{"id":23359,"date":"2022-02-18T13:31:00","date_gmt":"2022-02-18T12:31:00","guid":{"rendered":"http:\/\/leegolfcenter.at\/w\/?page_id=23359"},"modified":"2022-02-18T17:20:21","modified_gmt":"2022-02-18T16:20:21","slug":"faq","status":"publish","type":"page","link":"http:\/\/leegolfcenter.at\/w\/faq\/","title":{"rendered":"FAQ"},"content":{"rendered":"<p>[vc_row row_type=&#8220;row&#8220; use_row_as_full_screen_section=&#8220;no&#8220; type=&#8220;full_width&#8220; text_align=&#8220;left&#8220; background_animation=&#8220;none&#8220; css_animation=&#8220;&#8220;][vc_column][animated_icons_with_text columns=&#8220;two_columns&#8220;][animated_icon_with_text title_tag=&#8220;h1&#8243; icon_pack=&#8220;font_elegant&#8220; fe_icon=&#8220;icon_question&#8220; title=&#8220;Wo werden HONMA Golf Clubs hergestellt?&#8220; text=&#8220;Alle HONMA Golf Clubs werden in der Sakata Fabrik in Japan handgefertigt hergestellt. HONMA ist in der Golfindustrie insofern einzigartig, als alle Golf Clubs in der Sakata Fabrik in Handarbeit hergestellt werden. Die Sakata Fabrik ist eines der gr\u00f6\u00dften Produktionsst\u00e4tte im Golf Business mit einer Gr\u00f6\u00dfe von \u00fcber 500,000 Quadratmetern. Es sollte auch angemerkt werden, dass HONMA seine Einzelteile weder verschifft noch anderweitig in ausl\u00e4ndische M\u00e4rkte verkauft. Jedes HONMA Club tr\u00e4gt die Aufschrift \u201eMADE IN JAPAN SAKATA\u201c und stellt die Quelle des Stolzes aller HONMA Handwerker dar.&#8220;][animated_icon_with_text title_tag=&#8220;h1&#8243; icon_pack=&#8220;font_elegant&#8220; fe_icon=&#8220;icon_question&#8220; title=&#8220;Wann hat HONMA angefangen Golf Clubs zu verkaufen?&#8220; text=&#8220;HONMA Golf wurde das erste Mal 1959 etabliert. HONMAs Chefdesigner erachtete das Ebenholz als das einzigartigste und geeignetste Material aufgrund seines Gef\u00fchls, seines Tones und der enormen Distanz, welche durch das Schlagen des Golfballes erreicht werden kann. Es wird gesagt, dass die fr\u00fchen Schnitzf\u00e4higkeiten der HONMA Handwerker als Grundlage f\u00fcr die Grundphilosophie der HONMA Manufakturgeschichte dient.&#8220;][\/animated_icons_with_text][animated_icons_with_text columns=&#8220;two_columns&#8220;][animated_icon_with_text title_tag=&#8220;h1&#8243; icon_pack=&#8220;font_elegant&#8220; fe_icon=&#8220;icon_question&#8220; title=&#8220;Was bedeuten die Sterne?&#8220; text=&#8220;HONMA initiierte das Sternensystem ungef\u00e4hr um 1991. Zu dieser Zeit bestand der Hauptunterschied zwischen den verschiedenen Sternsch\u00e4ften darin, welcher Handwerker die Clubs herstellte (es existierte eine Hierarchie unter den Handwerkern, angefangen vom Senior Club Hersteller und dem Auszubildenden) und den speziellen Materialien, die f\u00fcr ein bestimmtes Schaft verwendet wurde. HONMAs Premium-Marke 3 Stern \u2013 5 Stern wurde von den Senior Club Herstellern angefertigt, w\u00e4hrend die anderen Sch\u00e4fte in einem wettbewerbsf\u00e4higen Lehrlingsprogramm hergestellt wurden.&#8220;][animated_icon_with_text title_tag=&#8220;h1&#8243; icon_pack=&#8220;font_elegant&#8220; fe_icon=&#8220;icon_question&#8220; title=&#8220;Warum sind HONMA Clubs so teuer?&#8220; text=&#8220;HONMA widmet sich der Herstellung der sch\u00f6nsten spielbaren Golf Clubs weltweit, wobei eine handwerkliche Pr\u00e4zision in der Herstellungstechnik auf dem neuesten Stand beruhend angewendet wird und dabei nur die besten Materialien Verwendung finden. Diese Vorgehensweise zeichnete die Geschichte von HONMA aus und ist der Grund, warum die HONMA Golfausr\u00fcstung die Teuerste der Welt ist.&#8220;][\/animated_icons_with_text][\/vc_column][\/vc_row][vc_row row_type=&#8220;row&#8220; use_row_as_full_screen_section=&#8220;no&#8220; type=&#8220;full_width&#8220; text_align=&#8220;left&#8220; background_animation=&#8220;none&#8220; css_animation=&#8220;&#8220;][vc_column css=&#8220;.vc_custom_1645201219219{margin-bottom: 40px !important;}&#8220;][animated_icons_with_text columns=&#8220;two_columns&#8220;][animated_icon_with_text title_tag=&#8220;h1&#8243; icon_pack=&#8220;font_elegant&#8220; fe_icon=&#8220;icon_question&#8220; title=&#8220;Ist HONMA ein Technologief\u00fchrer?&#8220; text=&#8220;HONMA war lange ein Vorreiter in der Einf\u00fchrung von Materialien der Golfindustrie. Sie produzierte das erste Mal Kohlenstoff-Graphit-Sch\u00e4fte im Jahre 1973, Jahre seiner Zeit voraus. In den 1990er wurde HONMA mit einem amerikanischen Patent f\u00fcr den Titan-Kohlenstoff-Graphit-Schaft ausgezeichnet. Sie fuhren mit der Entwicklung von Holzk\u00f6pfen aus einer Zusammensetzung aus Stahl, Titan und Kohlenstoff fort. HONMA z\u00e4hlt zu den wenigen Unternehmen, an die sich regelm\u00e4\u00dfig Materialhersteller der Raumfahrtindustrie wenden, wodurch weiterhin eine F\u00fchrungsrolle HONMAs in diesem Bereich erwartet werden kann.&#8220;][animated_icon_with_text title_tag=&#8220;h1&#8243; icon_pack=&#8220;font_elegant&#8220; fe_icon=&#8220;icon_question&#8220; title=&#8220;Sind HONMA Clubs geschmiedet oder gegossen?&#8220; text=&#8220;Das h\u00e4ngt vom Modell ab. Traditionell hat HONMA nur \u201cMild Steel\u201c K\u00f6pfe mit dem Feinguss Schmiedeverfahren produziert. Dieser Prozess bildet die beste Grundlage f\u00fcr das weiche Gef\u00fchl der unglaublich nachsichtigen Eisen HONMAs. HONMA f\u00fchrte ein dreistufiges Beschichtungsverfahren durch, wodurch K\u00f6pfe mit Kupfer, Nickel und Chrom beschichtet sind. Jeder Kopf wird mehr als 150 handgefertigten Prozessen unterzogen und an jedem Punkt auf ihrem Weg zur Vollendung inspiziert. HONMAs Engagement f\u00fcr die handwerkliche Herstellung von Golf Clubs stellt einen ungeheuren Stolz in einer Kultur dar, die diese Vision bei den Handwerkern der weltbekannten Samurai Schwertern erlebt hat. HONMA hat eine gleiche Vorgehensweise und scheut keine Kosten f\u00fcr die Kreation des weltweit sch\u00f6nsten Designs mit einer exquisiten Fertigstellung.&#8220;][\/animated_icons_with_text][\/vc_column][\/vc_row]<\/p>\n","protected":false},"excerpt":{"rendered":"<p>[vc_row row_type=&#8220;row&#8220; use_row_as_full_screen_section=&#8220;no&#8220; type=&#8220;full_width&#8220; text_align=&#8220;left&#8220; background_animation=&#8220;none&#8220; css_animation=&#8220;&#8220;][vc_column][animated_icons_with_text columns=&#8220;two_columns&#8220;][animated_icon_with_text title_tag=&#8220;h1&#8243; icon_pack=&#8220;font_elegant&#8220; fe_icon=&#8220;icon_question&#8220; title=&#8220;Wo werden HONMA Golf Clubs hergestellt?&#8220; text=&#8220;Alle HONMA Golf Clubs werden in der Sakata Fabrik in Japan handgefertigt hergestellt. HONMA ist in der Golfindustrie insofern einzigartig, als alle Golf Clubs in der Sakata Fabrik&#8230;<\/p>\n","protected":false},"author":1,"featured_media":0,"parent":0,"menu_order":0,"comment_status":"closed","ping_status":"closed","template":"","meta":{"footnotes":""},"class_list":["post-23359","page","type-page","status-publish","hentry"],"_links":{"self":[{"href":"http:\/\/leegolfcenter.at\/w\/wp-json\/wp\/v2\/pages\/23359","targetHints":{"allow":["GET"]}}],"collection":[{"href":"http:\/\/leegolfcenter.at\/w\/wp-json\/wp\/v2\/pages"}],"about":[{"href":"http:\/\/leegolfcenter.at\/w\/wp-json\/wp\/v2\/types\/page"}],"author":[{"embeddable":true,"href":"http:\/\/leegolfcenter.at\/w\/wp-json\/wp\/v2\/users\/1"}],"replies":[{"embeddable":true,"href":"http:\/\/leegolfcenter.at\/w\/wp-json\/wp\/v2\/comments?post=23359"}],"version-history":[{"count":10,"href":"http:\/\/leegolfcenter.at\/w\/wp-json\/wp\/v2\/pages\/23359\/revisions"}],"predecessor-version":[{"id":23412,"href":"http:\/\/leegolfcenter.at\/w\/wp-json\/wp\/v2\/pages\/23359\/revisions\/23412"}],"wp:attachment":[{"href":"http:\/\/leegolfcenter.at\/w\/wp-json\/wp\/v2\/media?parent=23359"}],"curies":[{"name":"wp","href":"https:\/\/api.w.org\/{rel}","templated":true}]}}